{"id":4639,"date":"2023-07-08T14:30:22","date_gmt":"2023-07-08T12:30:22","guid":{"rendered":"https:\/\/expotravel.it\/visitor-register\/"},"modified":"2023-11-29T14:26:28","modified_gmt":"2023-11-29T13:26:28","slug":"visitor-register","status":"publish","type":"page","link":"https:\/\/expotravel.it\/it\/visitor-register\/","title":{"rendered":"Visitor register"},"content":{"rendered":"\t\t<div data-elementor-type=\"wp-page\" data-elementor-id=\"4639\" class=\"elementor elementor-4639 elementor-2288\">\n\t\t\t\t\t\t\t<div class=\"elementor-element elementor-element-3949ab3 e-flex e-con-boxed e-con e-parent\" data-id=\"3949ab3\" data-element_type=\"container\" data-settings=\"{&quot;content_width&quot;:&quot;boxed&quot;}\" data-core-v316-plus=\"true\">\n\t\t\t\t\t<div class=\"e-con-inner\">\n\t\t\t\t<div class=\"elementor-element elementor-element-f600d2c elementor-widget elementor-widget-text-editor\" data-id=\"f600d2c\" data-element_type=\"widget\" data-widget_type=\"text-editor.default\">\n\t\t\t\t<div class=\"elementor-widget-container\">\n\t\t\t<style>\/*! elementor - v3.17.0 - 01-10-2023 *\/\n.elementor-widget-text-editor.elementor-drop-cap-view-stacked .elementor-drop-cap{background-color:#69727d;color:#fff}.elementor-widget-text-editor.elementor-drop-cap-view-framed .elementor-drop-cap{color:#69727d;border:3px solid;background-color:transparent}.elementor-widget-text-editor:not(.elementor-drop-cap-view-default) .elementor-drop-cap{margin-top:8px}.elementor-widget-text-editor:not(.elementor-drop-cap-view-default) .elementor-drop-cap-letter{width:1em;height:1em}.elementor-widget-text-editor .elementor-drop-cap{float:left;text-align:center;line-height:1;font-size:50px}.elementor-widget-text-editor .elementor-drop-cap-letter{display:inline-block}<\/style>\t\t\t\t<p>Stai per entrare all\u2019interno di EXPO TRAVEL, la prima e unica fiera virtuale del turismo italiano! La tua esperienza potr\u00e0 molto soddisfacente se saprai indicare con chiarezza ci\u00f2 che desideri, sia un semplice servizio di trasporto, una o pi\u00f9 notti in hotel, una vacanza da sogno intorno al mondo o una crociera: sarai tu a decidere cosa vedere e quando vederlo.<\/p><p>Inoltre potrai partecipare ad incontri \u2013 sempre virtuali \u2013 con i pi\u00f9 importanti players del mondo dei viaggi e delle vacanze per scoprire le ultime novit\u00e0 o le migliori offerte!<\/p><p>Registrati inserendo tutti i dati richiesti e inizia la tua vacanza con EXPO TRAVEL!<\/p>\t\t\t\t\t\t<\/div>\n\t\t\t\t<\/div>\n\t\t\t\t\t<\/div>\n\t\t\t\t<\/div>\n\t\t<div class=\"elementor-element elementor-element-89f91c1 e-con-full e-flex e-con e-parent\" data-id=\"89f91c1\" data-element_type=\"container\" data-settings=\"{&quot;content_width&quot;:&quot;full&quot;}\" data-core-v316-plus=\"true\">\n\t\t\t\t<div class=\"elementor-element elementor-element-4c25ae6 e-n-tabs-mobile elementor-widget elementor-widget-n-tabs\" data-id=\"4c25ae6\" data-element_type=\"widget\" data-settings=\"{&quot;horizontal_scroll&quot;:&quot;disable&quot;}\" data-widget_type=\"nested-tabs.default\">\n\t\t\t\t<div class=\"elementor-widget-container\">\n\t\t\t\t\t<div class=\"e-n-tabs\" data-widget-number=\"798\" aria-label=\"Schede. Apri gli elementi con Invio o Spazio, chiudili con Esc e naviga con i tasti freccia.\">\n\t\t\t<div class=\"e-n-tabs-heading\" role=\"tablist\">\n\t\t\t\t\t\t\t<button id=\"e-n-tabs-title-7981\" class=\"e-n-tab-title\" aria-selected=\"true\" data-tab-index=\"1\" role=\"tab\" tabindex=\"0\" aria-controls=\"e-n-tab-content-7981\" style=\"--n-tabs-title-order: 1;\">\n\t\t\t\t<span class=\"e-n-tab-icon\">\n\t\t\t\t\t\t\t\t\t\t\t\t\t\t<\/span>\n\t\t\t\t<span class=\"e-n-tab-title-text\">\n\t\t\t\t\tPrivato\t\t\t\t<\/span>\n\t\t\t<\/button>\n\t\t\t\t\t<button id=\"e-n-tabs-title-7982\" class=\"e-n-tab-title\" aria-selected=\"false\" data-tab-index=\"2\" role=\"tab\" tabindex=\"-1\" aria-controls=\"e-n-tab-content-7982\" style=\"--n-tabs-title-order: 2;\">\n\t\t\t\t<span class=\"e-n-tab-icon\">\n\t\t\t\t\t\t\t\t\t\t\t\t\t\t<\/span>\n\t\t\t\t<span class=\"e-n-tab-title-text\">\n\t\t\t\t\tProfessionale\t\t\t\t<\/span>\n\t\t\t<\/button>\n\t\t\t\t\t<\/div>\n\t\t\t<div class=\"e-n-tabs-content\">\n\t\t\t\t<div id=\"e-n-tab-content-7981\" role=\"tabpanel\" aria-labelledby=\"e-n-tabs-title-7981\" data-tab-index=\"1\" style=\"--n-tabs-title-order: 1;\" class=\"e-active elementor-element elementor-element-77de0c7 e-con-full e-flex e-con e-child\" data-id=\"77de0c7\" data-element_type=\"container\" data-settings=\"{&quot;content_width&quot;:&quot;full&quot;}\">\n\t\t<div class=\"elementor-element elementor-element-a01379c e-flex e-con-boxed e-con e-child\" data-id=\"a01379c\" data-element_type=\"container\" data-settings=\"{&quot;content_width&quot;:&quot;boxed&quot;}\">\n\t\t\t\t\t<div class=\"e-con-inner\">\n\t\t\t\t<div class=\"elementor-element elementor-element-94f4f14 elementor-widget__width-initial elementor-widget elementor-widget-shortcode\" data-id=\"94f4f14\" data-element_type=\"widget\" data-widget_type=\"shortcode.default\">\n\t\t\t\t<div class=\"elementor-widget-container\">\n\t\t\t\t\t<div class=\"elementor-shortcode\"><form id=\"forminator-module-4642\" class=\"forminator-custom-form forminator-custom-form-4642\" method=\"post\" data-forminator-render=\"0\" data-uid=\"6a07335190328\"><div class=\"forminator-response-message forminator-error\" aria-hidden=\"true\"><\/div><\/form><\/div>\n\t\t\t\t<\/div>\n\t\t\t\t<\/div>\n\t\t\t\t\t<\/div>\n\t\t\t\t<\/div>\n\t\t\t\t<\/div>\n\t\t<div id=\"e-n-tab-content-7982\" role=\"tabpanel\" aria-labelledby=\"e-n-tabs-title-7982\" data-tab-index=\"2\" style=\"--n-tabs-title-order: 2;\" class=\" elementor-element elementor-element-0527dd8 e-con-full e-flex e-con e-child\" data-id=\"0527dd8\" data-element_type=\"container\" data-settings=\"{&quot;content_width&quot;:&quot;full&quot;}\">\n\t\t<div class=\"elementor-element elementor-element-56523a3 e-flex e-con-boxed e-con e-child\" data-id=\"56523a3\" data-element_type=\"container\" data-settings=\"{&quot;content_width&quot;:&quot;boxed&quot;}\">\n\t\t\t\t\t<div class=\"e-con-inner\">\n\t\t\t\t<div class=\"elementor-element elementor-element-4d01bc8 elementor-widget elementor-widget-shortcode\" data-id=\"4d01bc8\" data-element_type=\"widget\" data-widget_type=\"shortcode.default\">\n\t\t\t\t<div class=\"elementor-widget-container\">\n\t\t\t\t\t<div class=\"elementor-shortcode\"><form id=\"forminator-module-4641\" class=\"forminator-custom-form forminator-custom-form-4641\" method=\"post\" data-forminator-render=\"0\" data-uid=\"6a07335190f82\"><div class=\"forminator-response-message forminator-error\" aria-hidden=\"true\"><\/div><\/form><\/div>\n\t\t\t\t<\/div>\n\t\t\t\t<\/div>\n\t\t\t\t\t<\/div>\n\t\t\t\t<\/div>\n\t\t\t\t<\/div>\n\t\t\t\t\t<\/div>\n\t\t<\/div>\n\t\t\t\t<\/div>\n\t\t\t\t<\/div>\n\t\t\t\t<\/div>\n\t\t\t\t\t\t\t<\/div>\n\t\t","protected":false},"excerpt":{"rendered":"<p>Stai per entrare all\u2019interno di EXPO TRAVEL, la prima e unica fiera virtuale del turismo italiano! La tua esperienza potr\u00e0 molto soddisfacente se saprai indicare con chiarezza ci\u00f2 che desideri, sia un semplice servizio di trasporto, una o pi\u00f9 notti in hotel, una vacanza da sogno intorno al mondo o una crociera: sarai tu a [&hellip;]<\/p>\n","protected":false},"author":48,"featured_media":0,"parent":0,"menu_order":0,"comment_status":"closed","ping_status":"closed","template":"","meta":{"_acf_changed":false,"footnotes":""},"class_list":["post-4639","page","type-page","status-publish","hentry"],"acf":[],"_links":{"self":[{"href":"https:\/\/expotravel.it\/it\/wp-json\/wp\/v2\/pages\/4639"}],"collection":[{"href":"https:\/\/expotravel.it\/it\/wp-json\/wp\/v2\/pages"}],"about":[{"href":"https:\/\/expotravel.it\/it\/wp-json\/wp\/v2\/types\/page"}],"author":[{"embeddable":true,"href":"https:\/\/expotravel.it\/it\/wp-json\/wp\/v2\/users\/48"}],"replies":[{"embeddable":true,"href":"https:\/\/expotravel.it\/it\/wp-json\/wp\/v2\/comments?post=4639"}],"version-history":[{"count":3,"href":"https:\/\/expotravel.it\/it\/wp-json\/wp\/v2\/pages\/4639\/revisions"}],"predecessor-version":[{"id":4645,"href":"https:\/\/expotravel.it\/it\/wp-json\/wp\/v2\/pages\/4639\/revisions\/4645"}],"wp:attachment":[{"href":"https:\/\/expotravel.it\/it\/wp-json\/wp\/v2\/media?parent=4639"}],"curies":[{"name":"wp","href":"https:\/\/api.w.org\/{rel}","templated":true}]}}